{"id":893,"date":"2021-03-30T14:21:26","date_gmt":"2021-03-30T14:21:26","guid":{"rendered":"https:\/\/dutchafricapoultry.com\/contact\/"},"modified":"2024-11-28T14:43:53","modified_gmt":"2024-11-28T14:43:53","slug":"contacter","status":"publish","type":"page","link":"https:\/\/dutchafricapoultry.com\/fr\/contacter\/","title":{"rendered":"Contactez-Nous"},"content":{"rendered":"<div class=\"wpb-content-wrapper\"><p>[vc_row full_width=\u00a0\u00bbstretch_row\u00a0\u00bb content_placement=\u00a0\u00bbbottom\u00a0\u00bb row_height=\u00a0\u00bbrow_300px\u00a0\u00bb bg_position=\u00a0\u00bbbg_center_center\u00a0\u00bb css=\u00a0\u00bb.vc_custom_1617283698954{padding-bottom: 50px !important;background-image: url(https:\/\/dutchafricapoultry.com\/wp-content\/uploads\/2021\/03\/home-header.jpg?id=32) !important;}\u00a0\u00bb][vc_column]<div class=\"sd-title-block-default\"><h1 class=\"sd-title-block-default-htag marginbottom-0px align-middle font-large show-line force-uppercase shadow\">\r\n                <span class=\"white\">Contactez- Nous<\/span>\r\n            <\/h1><\/div>[\/vc_column][\/vc_row][vc_row css=\u00a0\u00bb.vc_custom_1618581529420{padding-bottom: 0px !important;}\u00a0\u00bb][vc_column]<div class=\"sd-title-block-default\"><h2 class=\"sd-title-block-default-htag marginbottom-20px align-left font-middle  force-uppercase\">\r\n                <span class=\"blue\">Le NABC<\/span>\r\n            <\/h2><\/div>\r\n            <div class=\"sd-text-block-default marginbottom-20px responsive_marginbottom-20px color-gray\"><p style=\"text-align: justify;\">Le Netherlands-African Business Council (NABC) est l&rsquo;organisateur et le coordinateur du DAPP. Le NABC a \u00e9t\u00e9 cr\u00e9\u00e9 il y a plus de 75 ans dans le but de promouvoir le commerce et les investissements entre les Pays-Bas et l&rsquo;Afrique. Ce mandat s&rsquo;\u00e9tend \u00e0 des secteurs sp\u00e9cifiques tels que le secteur de la volaille en Afrique. Avec ses partenaires, NABC est pr\u00eat \u00e0 contribuer au d\u00e9veloppement durable du secteur avicole africain.<\/p>\n<\/div>\r\n        [\/vc_column][\/vc_row][vc_row css=\u00a0\u00bb.vc_custom_1618581553053{padding-top: 20px !important;}\u00a0\u00bb][vc_column width=\u00a0\u00bb1\/2&Prime;]\r\n            <div class=\"sd-text-block-default marginbottom-20px responsive_marginbottom-20px color-gray\"><p><strong>Titaan &#8211; \u00c9tage 2, Bureau Nr. 104<\/strong><br \/>\nSaturnusstraat 95, 2516 AG, La Haye<br \/>\nLes Pays-Bas<\/p>\n<p>T: <a href=\"tel:+310703043618\">+31 (0)70 304 3618<\/a><br \/>\nE-mail: <a href=\"mailto:nuria.vlonk@nabc.nl\">nuria.vlonk@nabc.nl<\/a><\/p>\n<\/div>\r\n        [\/vc_column][vc_column width=\u00a0\u00bb1\/2&Prime;]\n<div class=\"wpcf7 no-js\" id=\"wpcf7-f921-o1\" lang=\"en-US\" dir=\"ltr\" data-wpcf7-id=\"921\">\n<div class=\"screen-reader-response\"><p role=\"status\" aria-live=\"polite\" aria-atomic=\"true\"><\/p> <ul><\/ul><\/div>\n<form action=\"\/fr\/wp-json\/wp\/v2\/pages\/893#wpcf7-f921-o1\" method=\"post\" class=\"wpcf7-form init\" aria-label=\"Contact form\" novalidate=\"novalidate\" data-status=\"init\">\n<fieldset class=\"hidden-fields-container\"><input type=\"hidden\" name=\"_wpcf7\" value=\"921\" \/><input type=\"hidden\" name=\"_wpcf7_version\" value=\"6.1.4\" \/><input type=\"hidden\" name=\"_wpcf7_locale\" value=\"en_US\" \/><input type=\"hidden\" name=\"_wpcf7_unit_tag\" value=\"wpcf7-f921-o1\" \/><input type=\"hidden\" name=\"_wpcf7_container_post\" value=\"0\" \/><input type=\"hidden\" name=\"_wpcf7_posted_data_hash\" value=\"\" \/>\n<\/fieldset>\n<div class=\"vc_col-md-12\">\n\t<p><span class=\"wpcf7-form-control-wrap\" data-name=\"your-name\"><input size=\"40\" maxlength=\"400\" class=\"wpcf7-form-control wpcf7-text wpcf7-validates-as-required\" aria-required=\"true\" aria-invalid=\"false\" placeholder=\"Nom *\" value=\"\" type=\"text\" name=\"your-name\" \/><\/span>\n\t<\/p>\n<\/div>\n<div style=\"clear: both; height: 20px;\">\n<\/div>\n<div class=\"vc_col-md-12\">\n\t<p><span class=\"wpcf7-form-control-wrap\" data-name=\"your-email\"><input size=\"40\" maxlength=\"400\" class=\"wpcf7-form-control wpcf7-email wpcf7-validates-as-required wpcf7-text wpcf7-validates-as-email\" aria-required=\"true\" aria-invalid=\"false\" placeholder=\"Courriel *\" value=\"\" type=\"email\" name=\"your-email\" \/><\/span>\n\t<\/p>\n<\/div>\n<div style=\"clear: both; height: 20px;\">\n<\/div>\n<div class=\"vc_col-md-12\">\n\t<p><span class=\"wpcf7-form-control-wrap\" data-name=\"your-subject\"><input size=\"40\" maxlength=\"400\" class=\"wpcf7-form-control wpcf7-text wpcf7-validates-as-required\" aria-required=\"true\" aria-invalid=\"false\" placeholder=\"Sujet *\" value=\"\" type=\"text\" name=\"your-subject\" \/><\/span>\n\t<\/p>\n<\/div>\n<div style=\"clear: both; height: 20px;\">\n<\/div>\n<div class=\"vc_col-md-12\">\n\t<p><span class=\"wpcf7-form-control-wrap\" data-name=\"your-message\"><textarea cols=\"40\" rows=\"10\" maxlength=\"2000\" class=\"wpcf7-form-control wpcf7-textarea\" aria-invalid=\"false\" placeholder=\"Message\" name=\"your-message\"><\/textarea><\/span>\n\t<\/p>\n<\/div>\n<div style=\"clear: both; height: 20px;\">\n<\/div>\n<div class=\"vc_col-md-12\">\n\t<p><input class=\"wpcf7-form-control wpcf7-submit has-spinner\" type=\"submit\" value=\"Soumettre\" \/>\n\t<\/p>\n<\/div>\n<div style=\"clear: both; height: 20px;\">\n<\/div>\r\n        <div class=\"SD-col SD-col-60 sd-hidden\">\r\n            <label for=\"apply_form_email_address_2_value\" class=\"SD-label \">Confirm email address<\/label>\r\n            <input type=\"text\" name=\"email_address_2_value\" id=\"apply_form_email_address_2_value\" class=\"SD-input  email_address_2_value\" placeholder=\"\" value=\"\" style=\"display: none;\">\r\n        <\/div>\r\n        \r\n        <div class=\"SD-col SD-col-60 sd-hidden\">\r\n            <label for=\"apply_form_additional_comments_value\" class=\"SD-label \">Additional comments<\/label>\r\n            <textarea name=\"additional_comments_value\" id=\"apply_form_additional_comments_value\" class=\"SD-input  additional_comments_value\" style=\"display: none;\" placeholder=\"\">Please fill in your additional comments<\/textarea>\r\n        <\/div>\r\n    \r\n        <div class=\"SD-col SD-col-60 sd-hidden\">\r\n            <label for=\"apply_form_city_home_value\" class=\"SD-label \">City<\/label>\r\n            <input type=\"hidden\" name=\"city_home_value\" id=\"apply_form_city_home_value\" class=\"SD-input  city_home_value\" placeholder=\"\" value=\"\">\r\n        <\/div>\r\n    \r\n        <div class=\"SD-col SD-col-60 sd-hidden\">\r\n            <label for=\"apply_form_more_additional_comments_value\" class=\"SD-label \">More additional comments<\/label>\r\n            <input type=\"hidden\" name=\"more_additional_comments_value\" id=\"apply_form_more_additional_comments_value\" class=\"SD-input  more_additional_comments_value\" placeholder=\"\" value=\"Please fill in your additional comments\">\r\n        <\/div><div class=\"wpcf7-response-output\" aria-hidden=\"true\"><\/div>\n<\/form>\n<\/div>\n[\/vc_column][\/vc_row]<\/p>\n<\/div>","protected":false},"excerpt":{"rendered":"<p>[vc_row full_width=\u00a0\u00bbstretch_row\u00a0\u00bb content_placement=\u00a0\u00bbbottom\u00a0\u00bb row_height=\u00a0\u00bbrow_300px\u00a0\u00bb bg_position=\u00a0\u00bbbg_center_center\u00a0\u00bb css=\u00a0\u00bb.vc_custom_1617283698954{padding-bottom: 50px !important;background-image: url(https:\/\/dutchafricapoultry.com\/wp-content\/uploads\/2021\/03\/home-header.jpg?id=32) !important;}\u00a0\u00bb][vc_column][\/vc_column][\/vc_row][vc_row css=\u00a0\u00bb.vc_custom_1618581529420{padding-bottom: 0px !important;}\u00a0\u00bb][vc_column][\/vc_column][\/vc_row][vc_row css=\u00a0\u00bb.vc_custom_1618581553053{padding-top: 20px !important;}\u00a0\u00bb][vc_column width=\u00a0\u00bb1\/2&Prime;][\/vc_column][vc_column width=\u00a0\u00bb1\/2&Prime;][\/vc_column][\/vc_row]<\/p>\n","protected":false},"author":1,"featured_media":0,"parent":0,"menu_order":0,"comment_status":"closed","ping_status":"closed","template":"","meta":{"_acf_changed":false,"footnotes":""},"class_list":["post-893","page","type-page","status-publish","hentry"],"acf":[],"yoast_head":"<!-- This site is optimized with the Yoast SEO plugin v26.8 - https:\/\/yoast.com\/product\/yoast-seo-wordpress\/ -->\n<title>Contactez-Nous - Dapp<\/title>\n<meta name=\"robots\" content=\"index, follow, max-snippet:-1, max-image-preview:large, max-video-preview:-1\" \/>\n<link rel=\"canonical\" href=\"https:\/\/dutchafricapoultry.com\/fr\/contacter\/\" \/>\n<meta property=\"og:locale\" content=\"fr_FR\" \/>\n<meta property=\"og:type\" content=\"article\" \/>\n<meta property=\"og:title\" content=\"Contactez-Nous - Dapp\" \/>\n<meta property=\"og:description\" content=\"[vc_row full_width=\u00a0\u00bbstretch_row\u00a0\u00bb content_placement=\u00a0\u00bbbottom\u00a0\u00bb row_height=\u00a0\u00bbrow_300px\u00a0\u00bb bg_position=\u00a0\u00bbbg_center_center\u00a0\u00bb css=\u00a0\u00bb.vc_custom_1617283698954{padding-bottom: 50px !important;background-image: url(https:\/\/dutchafricapoultry.com\/wp-content\/uploads\/2021\/03\/home-header.jpg?id=32) !important;}\u00a0\u00bb][vc_column][\/vc_column][\/vc_row][vc_row css=\u00a0\u00bb.vc_custom_1618581529420{padding-bottom: 0px !important;}\u00a0\u00bb][vc_column][\/vc_column][\/vc_row][vc_row css=\u00a0\u00bb.vc_custom_1618581553053{padding-top: 20px !important;}\u00a0\u00bb][vc_column width=\u00a0\u00bb1\/2&Prime;][\/vc_column][vc_column width=\u00a0\u00bb1\/2&Prime;][\/vc_column][\/vc_row]\" \/>\n<meta property=\"og:url\" content=\"https:\/\/dutchafricapoultry.com\/fr\/contacter\/\" \/>\n<meta property=\"og:site_name\" content=\"Dapp\" \/>\n<meta property=\"article:modified_time\" content=\"2024-11-28T14:43:53+00:00\" \/>\n<meta property=\"og:image\" content=\"https:\/\/dutchafricapoultry.com\/wp-content\/uploads\/2021\/04\/dapp-share.jpg\" \/>\n\t<meta property=\"og:image:width\" content=\"1200\" \/>\n\t<meta property=\"og:image:height\" content=\"630\" \/>\n\t<meta property=\"og:image:type\" content=\"image\/jpeg\" \/>\n<meta name=\"twitter:card\" content=\"summary_large_image\" \/>\n<meta name=\"twitter:label1\" content=\"Dur\u00e9e de lecture estim\u00e9e\" \/>\n\t<meta name=\"twitter:data1\" content=\"1 minute\" \/>\n<script type=\"application\/ld+json\" class=\"yoast-schema-graph\">{\"@context\":\"https:\/\/schema.org\",\"@graph\":[{\"@type\":\"WebPage\",\"@id\":\"https:\/\/dutchafricapoultry.com\/fr\/contacter\/\",\"url\":\"https:\/\/dutchafricapoultry.com\/fr\/contacter\/\",\"name\":\"Contactez-Nous - Dapp\",\"isPartOf\":{\"@id\":\"https:\/\/dutchafricapoultry.com\/#website\"},\"datePublished\":\"2021-03-30T14:21:26+00:00\",\"dateModified\":\"2024-11-28T14:43:53+00:00\",\"breadcrumb\":{\"@id\":\"https:\/\/dutchafricapoultry.com\/fr\/contacter\/#breadcrumb\"},\"inLanguage\":\"fr-FR\",\"potentialAction\":[{\"@type\":\"ReadAction\",\"target\":[\"https:\/\/dutchafricapoultry.com\/fr\/contacter\/\"]}]},{\"@type\":\"BreadcrumbList\",\"@id\":\"https:\/\/dutchafricapoultry.com\/fr\/contacter\/#breadcrumb\",\"itemListElement\":[{\"@type\":\"ListItem\",\"position\":1,\"name\":\"Home\",\"item\":\"https:\/\/dutchafricapoultry.com\/fr\/\"},{\"@type\":\"ListItem\",\"position\":2,\"name\":\"Contactez-Nous\"}]},{\"@type\":\"WebSite\",\"@id\":\"https:\/\/dutchafricapoultry.com\/#website\",\"url\":\"https:\/\/dutchafricapoultry.com\/\",\"name\":\"Dapp\",\"description\":\"The Dutch African Poultry Platform\",\"publisher\":{\"@id\":\"https:\/\/dutchafricapoultry.com\/#organization\"},\"inLanguage\":\"fr-FR\"},{\"@type\":\"Organization\",\"@id\":\"https:\/\/dutchafricapoultry.com\/#organization\",\"name\":\"DAPP\",\"url\":\"https:\/\/dutchafricapoultry.com\/\",\"logo\":{\"@type\":\"ImageObject\",\"inLanguage\":\"fr-FR\",\"@id\":\"https:\/\/dutchafricapoultry.com\/#\/schema\/logo\/image\/\",\"url\":\"https:\/\/dutchafricapoultry.com\/wp-content\/uploads\/2021\/03\/dapp-logo.png\",\"contentUrl\":\"https:\/\/dutchafricapoultry.com\/wp-content\/uploads\/2021\/03\/dapp-logo.png\",\"width\":248,\"height\":60,\"caption\":\"DAPP\"},\"image\":{\"@id\":\"https:\/\/dutchafricapoultry.com\/#\/schema\/logo\/image\/\"}}]}<\/script>\n<!-- \/ Yoast SEO plugin. -->","yoast_head_json":{"title":"Contactez-Nous - Dapp","robots":{"index":"index","follow":"follow","max-snippet":"max-snippet:-1","max-image-preview":"max-image-preview:large","max-video-preview":"max-video-preview:-1"},"canonical":"https:\/\/dutchafricapoultry.com\/fr\/contacter\/","og_locale":"fr_FR","og_type":"article","og_title":"Contactez-Nous - Dapp","og_description":"[vc_row full_width=\u00a0\u00bbstretch_row\u00a0\u00bb content_placement=\u00a0\u00bbbottom\u00a0\u00bb row_height=\u00a0\u00bbrow_300px\u00a0\u00bb bg_position=\u00a0\u00bbbg_center_center\u00a0\u00bb css=\u00a0\u00bb.vc_custom_1617283698954{padding-bottom: 50px !important;background-image: url(https:\/\/dutchafricapoultry.com\/wp-content\/uploads\/2021\/03\/home-header.jpg?id=32) !important;}\u00a0\u00bb][vc_column][\/vc_column][\/vc_row][vc_row css=\u00a0\u00bb.vc_custom_1618581529420{padding-bottom: 0px !important;}\u00a0\u00bb][vc_column][\/vc_column][\/vc_row][vc_row css=\u00a0\u00bb.vc_custom_1618581553053{padding-top: 20px !important;}\u00a0\u00bb][vc_column width=\u00a0\u00bb1\/2&Prime;][\/vc_column][vc_column width=\u00a0\u00bb1\/2&Prime;][\/vc_column][\/vc_row]","og_url":"https:\/\/dutchafricapoultry.com\/fr\/contacter\/","og_site_name":"Dapp","article_modified_time":"2024-11-28T14:43:53+00:00","og_image":[{"width":1200,"height":630,"url":"https:\/\/dutchafricapoultry.com\/wp-content\/uploads\/2021\/04\/dapp-share.jpg","type":"image\/jpeg"}],"twitter_card":"summary_large_image","twitter_misc":{"Dur\u00e9e de lecture estim\u00e9e":"1 minute"},"schema":{"@context":"https:\/\/schema.org","@graph":[{"@type":"WebPage","@id":"https:\/\/dutchafricapoultry.com\/fr\/contacter\/","url":"https:\/\/dutchafricapoultry.com\/fr\/contacter\/","name":"Contactez-Nous - Dapp","isPartOf":{"@id":"https:\/\/dutchafricapoultry.com\/#website"},"datePublished":"2021-03-30T14:21:26+00:00","dateModified":"2024-11-28T14:43:53+00:00","breadcrumb":{"@id":"https:\/\/dutchafricapoultry.com\/fr\/contacter\/#breadcrumb"},"inLanguage":"fr-FR","potentialAction":[{"@type":"ReadAction","target":["https:\/\/dutchafricapoultry.com\/fr\/contacter\/"]}]},{"@type":"BreadcrumbList","@id":"https:\/\/dutchafricapoultry.com\/fr\/contacter\/#breadcrumb","itemListElement":[{"@type":"ListItem","position":1,"name":"Home","item":"https:\/\/dutchafricapoultry.com\/fr\/"},{"@type":"ListItem","position":2,"name":"Contactez-Nous"}]},{"@type":"WebSite","@id":"https:\/\/dutchafricapoultry.com\/#website","url":"https:\/\/dutchafricapoultry.com\/","name":"Dapp","description":"The Dutch African Poultry Platform","publisher":{"@id":"https:\/\/dutchafricapoultry.com\/#organization"},"inLanguage":"fr-FR"},{"@type":"Organization","@id":"https:\/\/dutchafricapoultry.com\/#organization","name":"DAPP","url":"https:\/\/dutchafricapoultry.com\/","logo":{"@type":"ImageObject","inLanguage":"fr-FR","@id":"https:\/\/dutchafricapoultry.com\/#\/schema\/logo\/image\/","url":"https:\/\/dutchafricapoultry.com\/wp-content\/uploads\/2021\/03\/dapp-logo.png","contentUrl":"https:\/\/dutchafricapoultry.com\/wp-content\/uploads\/2021\/03\/dapp-logo.png","width":248,"height":60,"caption":"DAPP"},"image":{"@id":"https:\/\/dutchafricapoultry.com\/#\/schema\/logo\/image\/"}}]}},"_links":{"self":[{"href":"https:\/\/dutchafricapoultry.com\/fr\/wp-json\/wp\/v2\/pages\/893","targetHints":{"allow":["GET"]}}],"collection":[{"href":"https:\/\/dutchafricapoultry.com\/fr\/wp-json\/wp\/v2\/pages"}],"about":[{"href":"https:\/\/dutchafricapoultry.com\/fr\/wp-json\/wp\/v2\/types\/page"}],"author":[{"embeddable":true,"href":"https:\/\/dutchafricapoultry.com\/fr\/wp-json\/wp\/v2\/users\/1"}],"replies":[{"embeddable":true,"href":"https:\/\/dutchafricapoultry.com\/fr\/wp-json\/wp\/v2\/comments?post=893"}],"version-history":[{"count":12,"href":"https:\/\/dutchafricapoultry.com\/fr\/wp-json\/wp\/v2\/pages\/893\/revisions"}],"predecessor-version":[{"id":2977,"href":"https:\/\/dutchafricapoultry.com\/fr\/wp-json\/wp\/v2\/pages\/893\/revisions\/2977"}],"wp:attachment":[{"href":"https:\/\/dutchafricapoultry.com\/fr\/wp-json\/wp\/v2\/media?parent=893"}],"curies":[{"name":"wp","href":"https:\/\/api.w.org\/{rel}","templated":true}]}}