{"id":884,"date":"2021-03-30T14:21:16","date_gmt":"2021-03-30T14:21:16","guid":{"rendered":"https:\/\/dutchafricapoultry.com\/about-dapp\/"},"modified":"2025-04-25T11:02:29","modified_gmt":"2025-04-25T11:02:29","slug":"a-propos-de-dapp","status":"publish","type":"page","link":"https:\/\/dutchafricapoultry.com\/fr\/a-propos-de-dapp\/","title":{"rendered":"A propos de DAPP"},"content":{"rendered":"<div class=\"wpb-content-wrapper\"><p>[vc_row full_width=\u00a0\u00bbstretch_row\u00a0\u00bb content_placement=\u00a0\u00bbbottom\u00a0\u00bb row_height=\u00a0\u00bbrow_300px\u00a0\u00bb bg_position=\u00a0\u00bbbg_center_center\u00a0\u00bb css=\u00a0\u00bb.vc_custom_1617283698954{padding-bottom: 50px !important;background-image: url(https:\/\/dutchafricapoultry.com\/wp-content\/uploads\/2021\/03\/home-header.jpg?id=32) !important;}\u00a0\u00bb][vc_column]<div class=\"sd-title-block-default\"><h1 class=\"sd-title-block-default-htag marginbottom-0px align-middle font-large show-line force-uppercase shadow\">\r\n                <span class=\"white\">A propos de DAPP<\/span>\r\n            <\/h1><\/div>[\/vc_column][\/vc_row][vc_row][vc_column width=\u00a0\u00bb1\/2&Prime;]<div class=\"sd-title-block-default\"><h2 class=\"sd-title-block-default-htag marginbottom-20px align-left font-standard \">\r\n                <span class=\"\">Dutch Africa Poultry Platform<\/span>\r\n            <\/h2><\/div>\r\n            <div class=\"sd-text-block-default marginbottom-20px responsive_marginbottom-20px color-gray\"><p style=\"text-align: justify;\">La Dutch Africa Poultry Platform (DAPP) est une plateforme qui rassemble des entreprises n\u00e9erlandaises actives dans le secteur de la volaille en Afrique. Les membres de la DAPP sont d\u00e9sireux de contribuer \u00e0 la croissance et au d\u00e9veloppement du secteur de la volaille en Afrique en partenariat avec des entit\u00e9s des secteurs public et priv\u00e9 \u00e0 travers l&rsquo;Afrique. Les membres repr\u00e9sentent l&rsquo;ensemble de la cha\u00eene de valeur, de la ferme \u00e0 la fourchette, et sont bien \u00e9quip\u00e9s pour r\u00e9pondre \u00e0 tous vos besoins en mati\u00e8re de volaille. En 2021, 23 acteurs n\u00e9erlandais du secteur de la volaille sont membres de la plateforme.<\/p>\n<p style=\"text-align: justify;\">Par le biais de r\u00e9unions r\u00e9guli\u00e8res et d&rsquo;\u00e9changes d&rsquo;informations, la plateforme est un outils qui facilite la coop\u00e9ration des entreprises n\u00e9erlandaises dans l&rsquo;exploration du secteur de la volaille en Afrique et qui promeut conjointement le secteur n\u00e9erlandais de la volaille, en tant que partenaire de choix en Afrique. Outre des activit\u00e9s telles que des missions commerciales conjointes, des \u00e9tudes de march\u00e9 et la participation \u00e0 des expositions, plusieurs membres de la DAPP \u00e9taient impliqu\u00e9s dans l&rsquo;Impact cluster Tanzania : Kukua na Kuku, qui visait \u00e0 transformer conjointement le secteur de la volaille en Tanzanie en utilisant les technologies et l&rsquo;exp\u00e9rience n\u00e9erlandaise.<\/p>\n<p>Pour plus d&rsquo;informations sur les membres du DAPP et leurs pays cibles en Afrique, <a href=\"https:\/\/dutchafricapoultry.com\/wp-content\/uploads\/2025\/04\/DAPP-Brochure-FR_Online-2.pdf\">t\u00e9l\u00e9chargez la brochure du DAPP<\/a>.<\/p>\n<\/div>\r\n        \r\n        <div class=\"sd-button-default marginbottom-0px responsive_marginbottom-20px bg red arrow left\">\r\n            <a   href=\"https:\/\/dutchafricapoultry.com\/wp-content\/uploads\/2025\/04\/DAPP-Brochure-FR_Online-2.pdf\" >T\u00e9l\u00e9chargez la brochure DAPP<svg aria-hidden=\"true\" focusable=\"false\" data-prefix=\"fas\" data-icon=\"arrow-right\" class=\"svg-inline--fa fa-arrow-right fa-w-14\" role=\"img\" xmlns=\"http:\/\/www.w3.org\/2000\/svg\" viewBox=\"0 0 448 512\"><path fill=\"currentColor\" d=\"M190.5 66.9l22.2-22.2c9.4-9.4 24.6-9.4 33.9 0L441 239c9.4 9.4 9.4 24.6 0 33.9L246.6 467.3c-9.4 9.4-24.6 9.4-33.9 0l-22.2-22.2c-9.5-9.5-9.3-25 .4-34.3L311.4 296H24c-13.3 0-24-10.7-24-24v-32c0-13.3 10.7-24 24-24h287.4L190.9 101.2c-9.8-9.3-10-24.8-.4-34.3z\"><\/path><\/svg><\/a>\r\n        <\/div>[\/vc_column][vc_column width=\u00a0\u00bb1\/2&Prime;]<div class=\"sd-title-block-default\"><h2 class=\"sd-title-block-default-htag marginbottom-20px align-left font-standard \">\r\n                <span class=\"\">Missions Commerciales dans le Secteur Avicole (MCSA)<\/span>\r\n            <\/h2><\/div>\r\n        <div class=\"sd-block-image  align-left curve-no marginbottom-0px responsive_align-left responsive_marginbottom-20px\">\r\n                <img decoding=\"async\" \r\n                    src=\"https:\/\/dutchafricapoultry.com\/wp-content\/uploads\/2023\/10\/Poultry-Africa-Map-FR.jpg\">\r\n            <\/div>[\/vc_column][\/vc_row]<\/p>\n<\/div>","protected":false},"excerpt":{"rendered":"<p>[vc_row full_width=\u00a0\u00bbstretch_row\u00a0\u00bb content_placement=\u00a0\u00bbbottom\u00a0\u00bb row_height=\u00a0\u00bbrow_300px\u00a0\u00bb bg_position=\u00a0\u00bbbg_center_center\u00a0\u00bb css=\u00a0\u00bb.vc_custom_1617283698954{padding-bottom: 50px !important;background-image: url(https:\/\/dutchafricapoultry.com\/wp-content\/uploads\/2021\/03\/home-header.jpg?id=32) !important;}\u00a0\u00bb][vc_column][\/vc_column][\/vc_row][vc_row][vc_column width=\u00a0\u00bb1\/2&Prime;][\/vc_column][vc_column width=\u00a0\u00bb1\/2&Prime;][\/vc_column][\/vc_row]<\/p>\n","protected":false},"author":1,"featured_media":0,"parent":0,"menu_order":0,"comment_status":"closed","ping_status":"closed","template":"","meta":{"_acf_changed":false,"footnotes":""},"class_list":["post-884","page","type-page","status-publish","hentry"],"acf":[],"yoast_head":"<!-- This site is optimized with the Yoast SEO plugin v26.8 - https:\/\/yoast.com\/product\/yoast-seo-wordpress\/ -->\n<title>A propos de DAPP - Dapp<\/title>\n<meta name=\"robots\" content=\"index, follow, max-snippet:-1, max-image-preview:large, max-video-preview:-1\" \/>\n<link rel=\"canonical\" href=\"https:\/\/dutchafricapoultry.com\/fr\/a-propos-de-dapp\/\" \/>\n<meta property=\"og:locale\" content=\"fr_FR\" \/>\n<meta property=\"og:type\" content=\"article\" \/>\n<meta property=\"og:title\" content=\"A propos de DAPP - Dapp\" \/>\n<meta property=\"og:description\" content=\"[vc_row full_width=\u00a0\u00bbstretch_row\u00a0\u00bb content_placement=\u00a0\u00bbbottom\u00a0\u00bb row_height=\u00a0\u00bbrow_300px\u00a0\u00bb bg_position=\u00a0\u00bbbg_center_center\u00a0\u00bb css=\u00a0\u00bb.vc_custom_1617283698954{padding-bottom: 50px !important;background-image: url(https:\/\/dutchafricapoultry.com\/wp-content\/uploads\/2021\/03\/home-header.jpg?id=32) !important;}\u00a0\u00bb][vc_column][\/vc_column][\/vc_row][vc_row][vc_column width=\u00a0\u00bb1\/2&Prime;][\/vc_column][vc_column width=\u00a0\u00bb1\/2&Prime;][\/vc_column][\/vc_row]\" \/>\n<meta property=\"og:url\" content=\"https:\/\/dutchafricapoultry.com\/fr\/a-propos-de-dapp\/\" \/>\n<meta property=\"og:site_name\" content=\"Dapp\" \/>\n<meta property=\"article:modified_time\" content=\"2025-04-25T11:02:29+00:00\" \/>\n<meta property=\"og:image\" content=\"https:\/\/dutchafricapoultry.com\/wp-content\/uploads\/2021\/04\/dapp-share.jpg\" \/>\n\t<meta property=\"og:image:width\" content=\"1200\" \/>\n\t<meta property=\"og:image:height\" content=\"630\" \/>\n\t<meta property=\"og:image:type\" content=\"image\/jpeg\" \/>\n<meta name=\"twitter:card\" content=\"summary_large_image\" \/>\n<meta name=\"twitter:label1\" content=\"Dur\u00e9e de lecture estim\u00e9e\" \/>\n\t<meta name=\"twitter:data1\" content=\"2 minutes\" \/>\n<script type=\"application\/ld+json\" class=\"yoast-schema-graph\">{\"@context\":\"https:\/\/schema.org\",\"@graph\":[{\"@type\":\"WebPage\",\"@id\":\"https:\/\/dutchafricapoultry.com\/fr\/a-propos-de-dapp\/\",\"url\":\"https:\/\/dutchafricapoultry.com\/fr\/a-propos-de-dapp\/\",\"name\":\"A propos de DAPP - Dapp\",\"isPartOf\":{\"@id\":\"https:\/\/dutchafricapoultry.com\/#website\"},\"datePublished\":\"2021-03-30T14:21:16+00:00\",\"dateModified\":\"2025-04-25T11:02:29+00:00\",\"breadcrumb\":{\"@id\":\"https:\/\/dutchafricapoultry.com\/fr\/a-propos-de-dapp\/#breadcrumb\"},\"inLanguage\":\"fr-FR\",\"potentialAction\":[{\"@type\":\"ReadAction\",\"target\":[\"https:\/\/dutchafricapoultry.com\/fr\/a-propos-de-dapp\/\"]}]},{\"@type\":\"BreadcrumbList\",\"@id\":\"https:\/\/dutchafricapoultry.com\/fr\/a-propos-de-dapp\/#breadcrumb\",\"itemListElement\":[{\"@type\":\"ListItem\",\"position\":1,\"name\":\"Home\",\"item\":\"https:\/\/dutchafricapoultry.com\/fr\/\"},{\"@type\":\"ListItem\",\"position\":2,\"name\":\"A propos de DAPP\"}]},{\"@type\":\"WebSite\",\"@id\":\"https:\/\/dutchafricapoultry.com\/#website\",\"url\":\"https:\/\/dutchafricapoultry.com\/\",\"name\":\"Dapp\",\"description\":\"The Dutch African Poultry Platform\",\"publisher\":{\"@id\":\"https:\/\/dutchafricapoultry.com\/#organization\"},\"inLanguage\":\"fr-FR\"},{\"@type\":\"Organization\",\"@id\":\"https:\/\/dutchafricapoultry.com\/#organization\",\"name\":\"DAPP\",\"url\":\"https:\/\/dutchafricapoultry.com\/\",\"logo\":{\"@type\":\"ImageObject\",\"inLanguage\":\"fr-FR\",\"@id\":\"https:\/\/dutchafricapoultry.com\/#\/schema\/logo\/image\/\",\"url\":\"https:\/\/dutchafricapoultry.com\/wp-content\/uploads\/2021\/03\/dapp-logo.png\",\"contentUrl\":\"https:\/\/dutchafricapoultry.com\/wp-content\/uploads\/2021\/03\/dapp-logo.png\",\"width\":248,\"height\":60,\"caption\":\"DAPP\"},\"image\":{\"@id\":\"https:\/\/dutchafricapoultry.com\/#\/schema\/logo\/image\/\"}}]}<\/script>\n<!-- \/ Yoast SEO plugin. -->","yoast_head_json":{"title":"A propos de DAPP - Dapp","robots":{"index":"index","follow":"follow","max-snippet":"max-snippet:-1","max-image-preview":"max-image-preview:large","max-video-preview":"max-video-preview:-1"},"canonical":"https:\/\/dutchafricapoultry.com\/fr\/a-propos-de-dapp\/","og_locale":"fr_FR","og_type":"article","og_title":"A propos de DAPP - Dapp","og_description":"[vc_row full_width=\u00a0\u00bbstretch_row\u00a0\u00bb content_placement=\u00a0\u00bbbottom\u00a0\u00bb row_height=\u00a0\u00bbrow_300px\u00a0\u00bb bg_position=\u00a0\u00bbbg_center_center\u00a0\u00bb css=\u00a0\u00bb.vc_custom_1617283698954{padding-bottom: 50px !important;background-image: url(https:\/\/dutchafricapoultry.com\/wp-content\/uploads\/2021\/03\/home-header.jpg?id=32) !important;}\u00a0\u00bb][vc_column][\/vc_column][\/vc_row][vc_row][vc_column width=\u00a0\u00bb1\/2&Prime;][\/vc_column][vc_column width=\u00a0\u00bb1\/2&Prime;][\/vc_column][\/vc_row]","og_url":"https:\/\/dutchafricapoultry.com\/fr\/a-propos-de-dapp\/","og_site_name":"Dapp","article_modified_time":"2025-04-25T11:02:29+00:00","og_image":[{"width":1200,"height":630,"url":"https:\/\/dutchafricapoultry.com\/wp-content\/uploads\/2021\/04\/dapp-share.jpg","type":"image\/jpeg"}],"twitter_card":"summary_large_image","twitter_misc":{"Dur\u00e9e de lecture estim\u00e9e":"2 minutes"},"schema":{"@context":"https:\/\/schema.org","@graph":[{"@type":"WebPage","@id":"https:\/\/dutchafricapoultry.com\/fr\/a-propos-de-dapp\/","url":"https:\/\/dutchafricapoultry.com\/fr\/a-propos-de-dapp\/","name":"A propos de DAPP - Dapp","isPartOf":{"@id":"https:\/\/dutchafricapoultry.com\/#website"},"datePublished":"2021-03-30T14:21:16+00:00","dateModified":"2025-04-25T11:02:29+00:00","breadcrumb":{"@id":"https:\/\/dutchafricapoultry.com\/fr\/a-propos-de-dapp\/#breadcrumb"},"inLanguage":"fr-FR","potentialAction":[{"@type":"ReadAction","target":["https:\/\/dutchafricapoultry.com\/fr\/a-propos-de-dapp\/"]}]},{"@type":"BreadcrumbList","@id":"https:\/\/dutchafricapoultry.com\/fr\/a-propos-de-dapp\/#breadcrumb","itemListElement":[{"@type":"ListItem","position":1,"name":"Home","item":"https:\/\/dutchafricapoultry.com\/fr\/"},{"@type":"ListItem","position":2,"name":"A propos de DAPP"}]},{"@type":"WebSite","@id":"https:\/\/dutchafricapoultry.com\/#website","url":"https:\/\/dutchafricapoultry.com\/","name":"Dapp","description":"The Dutch African Poultry Platform","publisher":{"@id":"https:\/\/dutchafricapoultry.com\/#organization"},"inLanguage":"fr-FR"},{"@type":"Organization","@id":"https:\/\/dutchafricapoultry.com\/#organization","name":"DAPP","url":"https:\/\/dutchafricapoultry.com\/","logo":{"@type":"ImageObject","inLanguage":"fr-FR","@id":"https:\/\/dutchafricapoultry.com\/#\/schema\/logo\/image\/","url":"https:\/\/dutchafricapoultry.com\/wp-content\/uploads\/2021\/03\/dapp-logo.png","contentUrl":"https:\/\/dutchafricapoultry.com\/wp-content\/uploads\/2021\/03\/dapp-logo.png","width":248,"height":60,"caption":"DAPP"},"image":{"@id":"https:\/\/dutchafricapoultry.com\/#\/schema\/logo\/image\/"}}]}},"_links":{"self":[{"href":"https:\/\/dutchafricapoultry.com\/fr\/wp-json\/wp\/v2\/pages\/884","targetHints":{"allow":["GET"]}}],"collection":[{"href":"https:\/\/dutchafricapoultry.com\/fr\/wp-json\/wp\/v2\/pages"}],"about":[{"href":"https:\/\/dutchafricapoultry.com\/fr\/wp-json\/wp\/v2\/types\/page"}],"author":[{"embeddable":true,"href":"https:\/\/dutchafricapoultry.com\/fr\/wp-json\/wp\/v2\/users\/1"}],"replies":[{"embeddable":true,"href":"https:\/\/dutchafricapoultry.com\/fr\/wp-json\/wp\/v2\/comments?post=884"}],"version-history":[{"count":18,"href":"https:\/\/dutchafricapoultry.com\/fr\/wp-json\/wp\/v2\/pages\/884\/revisions"}],"predecessor-version":[{"id":3077,"href":"https:\/\/dutchafricapoultry.com\/fr\/wp-json\/wp\/v2\/pages\/884\/revisions\/3077"}],"wp:attachment":[{"href":"https:\/\/dutchafricapoultry.com\/fr\/wp-json\/wp\/v2\/media?parent=884"}],"curies":[{"name":"wp","href":"https:\/\/api.w.org\/{rel}","templated":true}]}}